{"id":2,"date":"2015-08-26T11:22:40","date_gmt":"2015-08-26T11:22:40","guid":{"rendered":"http:\/\/kwajongens.pawellukaszewicz.com\/?page_id=2"},"modified":"2024-03-05T11:24:49","modified_gmt":"2024-03-05T11:24:49","slug":"sample-page","status":"publish","type":"page","link":"https:\/\/jacekswigulski.pl\/en\/","title":{"rendered":"painting | drawing"},"content":{"rendered":"<p><\/p>\n<p style=\"text-align: justify;\">He was born in 1977 in \u0141\u00f3d\u017a. He studied at W\u0142adys\u0142aw Strzemi\u0144ski Academy of Fine Arts in \u0141\u00f3d\u017a at the Faculty of Visual Education. In 2006 he graduated with honors degree in painting and drawing. During his studies he received a scholarship of the Danish Government. In 1997-2001 he also studied Philosophy and Cultural Studies at the University of \u0141\u00f3d\u017a.<\/p>\n<p>&nbsp;<\/p>\n<p style=\"text-align: justify;\">He is listed twice in the Compass of Modern Polish Art &#8211; the prestigious ranking of Rzeczpospolita. His paintings are characterized by formulation of expression and can be assigned to the trend of young figurative. He has shown his works in both public and private galleries throughout the country for ten years. He has more than thirty solo exhibitions and in 2014 he presented his art at a group exhibition in Amsterdam. In addition, he constantly collaborates with major commercial galleries in Poland, and his works are in private collections in Poland, England, Netherlands and Switzerland.<\/p>\n<p>&nbsp;<\/p>\n<p style=\"text-align: justify;\">The artist has successfully taken care of artistic education of youth and adults for many years, guiding his art studio &#8220;Pracownia 413&#8221;. He is involved in the works of many local educational and cultural institutions. In 2022, he received the &#8220;Marshal of the \u0141\u00f3d\u017a Voivodeship&#8221; award for his outstanding creative activity, dissemination of, and active involvement in the promotion of culture. In 2023, he also received the title of the Personality of the Year 2022 in \u0141\u00f3d\u017a in the category of Culture.<\/p>\n<p>&nbsp;<\/p>\n<p>&nbsp;<\/p>\n<p>&nbsp;<\/p>","protected":false},"excerpt":{"rendered":"<p>He was born in 1977 in \u0141\u00f3d\u017a. He studied at W\u0142adys\u0142aw Strzemi\u0144ski Academy of Fine Arts in \u0141\u00f3d\u017a at the Faculty of Visual Education. In 2006 he graduated with honors degree in painting and drawing. During his studies he received a scholarship of the Danish Government. In 1997-2001 he also studied Philosophy and Cultural Studies [&hellip;]<\/p>\n","protected":false},"author":1,"featured_media":6491,"parent":0,"menu_order":4,"comment_status":"open","ping_status":"open","template":"","meta":[],"acf":[],"yoast_head":"<!-- This site is optimized with the Yoast SEO plugin v17.1 - https:\/\/yoast.com\/wordpress\/plugins\/seo\/ -->\n<meta name=\"robots\" content=\"index, follow, max-snippet:-1, max-image-preview:large, max-video-preview:-1\" \/>\n<link rel=\"canonical\" href=\"https:\/\/jacekswigulski.pl\/en\/\" \/>\n<meta property=\"og:locale\" content=\"en_US\" \/>\n<meta property=\"og:type\" content=\"article\" \/>\n<meta property=\"og:title\" content=\"painting | drawing - Jacek Swigulski\" \/>\n<meta property=\"og:description\" content=\"He was born in 1977 in \u0141\u00f3d\u017a. He studied at W\u0142adys\u0142aw Strzemi\u0144ski Academy of Fine Arts in \u0141\u00f3d\u017a at the Faculty of Visual Education. In 2006 he graduated with honors degree in painting and drawing. During his studies he received a scholarship of the Danish Government. In 1997-2001 he also studied Philosophy and Cultural Studies [&hellip;]\" \/>\n<meta property=\"og:url\" content=\"https:\/\/jacekswigulski.pl\/en\/\" \/>\n<meta property=\"og:site_name\" content=\"Jacek Swigulski\" \/>\n<meta property=\"article:modified_time\" content=\"2024-03-05T11:24:49+00:00\" \/>\n<meta property=\"og:image\" content=\"http:\/\/jacekswigulski.pl\/wp-content\/uploads\/2024\/03\/bio_24_noframe.png\" \/>\n\t<meta property=\"og:image:width\" content=\"357\" \/>\n\t<meta property=\"og:image:height\" content=\"449\" \/>\n<meta name=\"twitter:card\" content=\"summary\" \/>\n<meta name=\"twitter:label1\" content=\"Est. reading time\" \/>\n\t<meta name=\"twitter:data1\" content=\"2 minutes\" \/>\n<script type=\"application\/ld+json\" class=\"yoast-schema-graph\">{\"@context\":\"https:\/\/schema.org\",\"@graph\":[{\"@type\":\"WebSite\",\"@id\":\"https:\/\/jacekswigulski.pl\/en\/#website\",\"url\":\"https:\/\/jacekswigulski.pl\/en\/\",\"name\":\"Jacek Swigulski\",\"description\":\"paintings \/ drawings\",\"potentialAction\":[{\"@type\":\"SearchAction\",\"target\":{\"@type\":\"EntryPoint\",\"urlTemplate\":\"https:\/\/jacekswigulski.pl\/en\/?s={search_term_string}\"},\"query-input\":\"required name=search_term_string\"}],\"inLanguage\":\"en-US\"},{\"@type\":\"ImageObject\",\"@id\":\"https:\/\/jacekswigulski.pl\/en\/#primaryimage\",\"inLanguage\":\"en-US\",\"url\":\"https:\/\/jacekswigulski.pl\/wp-content\/uploads\/2024\/03\/bio_24_noframe.png\",\"contentUrl\":\"https:\/\/jacekswigulski.pl\/wp-content\/uploads\/2024\/03\/bio_24_noframe.png\",\"width\":357,\"height\":449,\"caption\":\"bio_24\"},{\"@type\":\"WebPage\",\"@id\":\"https:\/\/jacekswigulski.pl\/en\/#webpage\",\"url\":\"https:\/\/jacekswigulski.pl\/en\/\",\"name\":\"painting | drawing - Jacek Swigulski\",\"isPartOf\":{\"@id\":\"https:\/\/jacekswigulski.pl\/en\/#website\"},\"primaryImageOfPage\":{\"@id\":\"https:\/\/jacekswigulski.pl\/en\/#primaryimage\"},\"datePublished\":\"2015-08-26T11:22:40+00:00\",\"dateModified\":\"2024-03-05T11:24:49+00:00\",\"breadcrumb\":{\"@id\":\"https:\/\/jacekswigulski.pl\/en\/#breadcrumb\"},\"inLanguage\":\"en-US\",\"potentialAction\":[{\"@type\":\"ReadAction\",\"target\":[\"https:\/\/jacekswigulski.pl\/en\/\"]}]},{\"@type\":\"BreadcrumbList\",\"@id\":\"https:\/\/jacekswigulski.pl\/en\/#breadcrumb\",\"itemListElement\":[{\"@type\":\"ListItem\",\"position\":1,\"name\":\"Home\",\"item\":\"https:\/\/jacekswigulski.pl\/en\/\"},{\"@type\":\"ListItem\",\"position\":2,\"name\":\"malarstwo | rysunek\"}]}]}<\/script>\n<!-- \/ Yoast SEO plugin. -->","yoast_head_json":{"robots":{"index":"index","follow":"follow","max-snippet":"max-snippet:-1","max-image-preview":"max-image-preview:large","max-video-preview":"max-video-preview:-1"},"canonical":"https:\/\/jacekswigulski.pl\/en\/","og_locale":"en_US","og_type":"article","og_title":"painting | drawing - Jacek Swigulski","og_description":"He was born in 1977 in \u0141\u00f3d\u017a. He studied at W\u0142adys\u0142aw Strzemi\u0144ski Academy of Fine Arts in \u0141\u00f3d\u017a at the Faculty of Visual Education. In 2006 he graduated with honors degree in painting and drawing. During his studies he received a scholarship of the Danish Government. In 1997-2001 he also studied Philosophy and Cultural Studies [&hellip;]","og_url":"https:\/\/jacekswigulski.pl\/en\/","og_site_name":"Jacek Swigulski","article_modified_time":"2024-03-05T11:24:49+00:00","og_image":[{"width":357,"height":449,"url":"http:\/\/jacekswigulski.pl\/wp-content\/uploads\/2024\/03\/bio_24_noframe.png","path":"\/home\/pabloble\/domains\/jacekswigulski.pl\/public_html\/wp-content\/uploads\/2024\/03\/bio_24_noframe.png","size":"full","id":6491,"alt":"bio_24","pixels":160293,"type":"image\/png"}],"twitter_card":"summary","twitter_misc":{"Est. reading time":"2 minutes"},"schema":{"@context":"https:\/\/schema.org","@graph":[{"@type":"WebSite","@id":"https:\/\/jacekswigulski.pl\/en\/#website","url":"https:\/\/jacekswigulski.pl\/en\/","name":"Jacek Swigulski","description":"paintings \/ drawings","potentialAction":[{"@type":"SearchAction","target":{"@type":"EntryPoint","urlTemplate":"https:\/\/jacekswigulski.pl\/en\/?s={search_term_string}"},"query-input":"required name=search_term_string"}],"inLanguage":"en-US"},{"@type":"ImageObject","@id":"https:\/\/jacekswigulski.pl\/en\/#primaryimage","inLanguage":"en-US","url":"https:\/\/jacekswigulski.pl\/wp-content\/uploads\/2024\/03\/bio_24_noframe.png","contentUrl":"https:\/\/jacekswigulski.pl\/wp-content\/uploads\/2024\/03\/bio_24_noframe.png","width":357,"height":449,"caption":"bio_24"},{"@type":"WebPage","@id":"https:\/\/jacekswigulski.pl\/en\/#webpage","url":"https:\/\/jacekswigulski.pl\/en\/","name":"painting | drawing - Jacek Swigulski","isPartOf":{"@id":"https:\/\/jacekswigulski.pl\/en\/#website"},"primaryImageOfPage":{"@id":"https:\/\/jacekswigulski.pl\/en\/#primaryimage"},"datePublished":"2015-08-26T11:22:40+00:00","dateModified":"2024-03-05T11:24:49+00:00","breadcrumb":{"@id":"https:\/\/jacekswigulski.pl\/en\/#breadcrumb"},"inLanguage":"en-US","potentialAction":[{"@type":"ReadAction","target":["https:\/\/jacekswigulski.pl\/en\/"]}]},{"@type":"BreadcrumbList","@id":"https:\/\/jacekswigulski.pl\/en\/#breadcrumb","itemListElement":[{"@type":"ListItem","position":1,"name":"Home","item":"https:\/\/jacekswigulski.pl\/en\/"},{"@type":"ListItem","position":2,"name":"malarstwo | rysunek"}]}]}},"_links":{"self":[{"href":"https:\/\/jacekswigulski.pl\/en\/wp-json\/wp\/v2\/pages\/2"}],"collection":[{"href":"https:\/\/jacekswigulski.pl\/en\/wp-json\/wp\/v2\/pages"}],"about":[{"href":"https:\/\/jacekswigulski.pl\/en\/wp-json\/wp\/v2\/types\/page"}],"author":[{"embeddable":true,"href":"https:\/\/jacekswigulski.pl\/en\/wp-json\/wp\/v2\/users\/1"}],"replies":[{"embeddable":true,"href":"https:\/\/jacekswigulski.pl\/en\/wp-json\/wp\/v2\/comments?post=2"}],"version-history":[{"count":95,"href":"https:\/\/jacekswigulski.pl\/en\/wp-json\/wp\/v2\/pages\/2\/revisions"}],"predecessor-version":[{"id":6497,"href":"https:\/\/jacekswigulski.pl\/en\/wp-json\/wp\/v2\/pages\/2\/revisions\/6497"}],"wp:featuredmedia":[{"embeddable":true,"href":"https:\/\/jacekswigulski.pl\/en\/wp-json\/wp\/v2\/media\/6491"}],"wp:attachment":[{"href":"https:\/\/jacekswigulski.pl\/en\/wp-json\/wp\/v2\/media?parent=2"}],"curies":[{"name":"wp","href":"https:\/\/api.w.org\/{rel}","templated":true}]}}