{"id":2,"date":"2015-08-26T11:22:40","date_gmt":"2015-08-26T11:22:40","guid":{"rendered":"http:\/\/kwajongens.pawellukaszewicz.com\/?page_id=2"},"modified":"2024-03-05T11:24:49","modified_gmt":"2024-03-05T11:24:49","slug":"sample-page","status":"publish","type":"page","link":"https:\/\/jacekswigulski.pl\/pl\/","title":{"rendered":"malarstwo | rysunek"},"content":{"rendered":"<p><\/p>\n<p style=\"text-align: justify;\">Urodzony w 1977 roku w \u0141odzi. Studiowa\u0142 na Wydziale Edukacji Wizualnej Akademii Sztuk Pi\u0119knych im. W\u0142adys\u0142awa Strzemi\u0144skiego w \u0141odzi. W 2006 roku obroni\u0142 z wyr\u00f3\u017cnieniem dyplom z malarstwa i rysunku. W trakcie studi\u00f3w otrzyma\u0142 stypendium rz\u0105du du\u0144skiego. W latach 1997-2001 studiowa\u0142 tak\u017ce filozofi\u0119 i kulturoznawstwo na Uniwersytecie \u0141\u00f3dzkim.<\/p>\n<p>&nbsp;<\/p>\n<p style=\"text-align: justify;\">Dwukrotnie zosta\u0142 wymieniony w Kompasie M\u0142odej Sztuki \u2013 rankingu artyst\u00f3w opublikowanym na \u0142amach Rzeczypospolitej. Jego malarstwo cechuje ekspresja wyrazu i mo\u017cna je przyporz\u0105dkowa\u0107 do nurtu m\u0142odego figuratywizmu. Od roku 2000 regularnie wystawia prace w pa\u0144stwowych i prywatnych galeriach sztuki w ca\u0142ej Polsce. W swoim dorobku ma ju\u017c ponad trzydzie\u015bci wystaw indywidualnych, a w 2014 roku prezentowa\u0142 swoj\u0105 sztuk\u0119 na zbiorowej wystawie w Amsterdamie. Stale wsp\u00f3\u0142pracuje z licz\u0105cymi si\u0119 galeriami komercyjnymi w kraju, a jego prace znajduj\u0105 si\u0119 w prywatnych kolekcjach w Polsce, Anglii, Holandii i Szwajcarii.<\/p>\n<p>&nbsp;<\/p>\n<p style=\"text-align: justify;\">Z powodzeniem od lat zajmuje si\u0119 r\u00f3wnie\u017c edukacj\u0105 plastyczn\u0105, prowadz\u0105c Pracowni\u0119 413 &#8211; autorsk\u0105 pracowni\u0119 plastyczn\u0105 dla m\u0142odzie\u017cy i doros\u0142ych oraz wsp\u00f3\u0142pracuj\u0105c z lokalnymi instytucjami o\u015bwiatowo-kulturalnymi. Za osi\u0105gni\u0119cia w dziedzinie tw\u00f3rczo\u015bci artystycznej, upowszechnianie d\u00f3br kultury oraz szczeg\u00f3lne zaanga\u017cowanie w prac\u0119 na rzecz kultury w 2022 roku otrzyma\u0142 Nagrod\u0119 Marsza\u0142ka Wojew\u00f3dztwa \u0141\u00f3dzkiego, a w roku 2023 otrzyma\u0142 w kategorii Kultura tytu\u0142 Osobowo\u015b\u0107 Roku 2022 w \u0141odzi.<\/p>\n<p>&nbsp;<\/p>\n<p>&nbsp;<\/p>","protected":false},"excerpt":{"rendered":"<p>Urodzony w 1977 roku w \u0141odzi. Studiowa\u0142 na Wydziale Edukacji Wizualnej Akademii Sztuk Pi\u0119knych im. W\u0142adys\u0142awa Strzemi\u0144skiego w \u0141odzi. W 2006 roku obroni\u0142 z wyr\u00f3\u017cnieniem dyplom z malarstwa i rysunku. W trakcie studi\u00f3w otrzyma\u0142 stypendium rz\u0105du du\u0144skiego. W latach 1997-2001 studiowa\u0142 tak\u017ce filozofi\u0119 i kulturoznawstwo na Uniwersytecie \u0141\u00f3dzkim. &nbsp; Dwukrotnie zosta\u0142 wymieniony w Kompasie M\u0142odej [&hellip;]<\/p>\n","protected":false},"author":1,"featured_media":6491,"parent":0,"menu_order":4,"comment_status":"open","ping_status":"open","template":"","meta":[],"acf":[],"yoast_head":"<!-- This site is optimized with the Yoast SEO plugin v17.1 - https:\/\/yoast.com\/wordpress\/plugins\/seo\/ -->\n<meta name=\"robots\" content=\"index, follow, max-snippet:-1, max-image-preview:large, max-video-preview:-1\" \/>\n<link rel=\"canonical\" href=\"https:\/\/jacekswigulski.pl\/en\/\" \/>\n<meta property=\"og:locale\" content=\"pl_PL\" \/>\n<meta property=\"og:type\" content=\"article\" \/>\n<meta property=\"og:title\" content=\"malarstwo | rysunek - Jacek \u015awigulski\" \/>\n<meta property=\"og:description\" content=\"Urodzony w 1977 roku w \u0141odzi. Studiowa\u0142 na Wydziale Edukacji Wizualnej Akademii Sztuk Pi\u0119knych im. W\u0142adys\u0142awa Strzemi\u0144skiego w \u0141odzi. W 2006 roku obroni\u0142 z wyr\u00f3\u017cnieniem dyplom z malarstwa i rysunku. W trakcie studi\u00f3w otrzyma\u0142 stypendium rz\u0105du du\u0144skiego. W latach 1997-2001 studiowa\u0142 tak\u017ce filozofi\u0119 i kulturoznawstwo na Uniwersytecie \u0141\u00f3dzkim. &nbsp; Dwukrotnie zosta\u0142 wymieniony w Kompasie M\u0142odej [&hellip;]\" \/>\n<meta property=\"og:url\" content=\"https:\/\/jacekswigulski.pl\/en\/\" \/>\n<meta property=\"og:site_name\" content=\"Jacek \u015awigulski\" \/>\n<meta property=\"article:modified_time\" content=\"2024-03-05T11:24:49+00:00\" \/>\n<meta property=\"og:image\" content=\"http:\/\/jacekswigulski.pl\/wp-content\/uploads\/2024\/03\/bio_24_noframe.png\" \/>\n\t<meta property=\"og:image:width\" content=\"357\" \/>\n\t<meta property=\"og:image:height\" content=\"449\" \/>\n<meta name=\"twitter:card\" content=\"summary\" \/>\n<meta name=\"twitter:label1\" content=\"Szacowany czas czytania\" \/>\n\t<meta name=\"twitter:data1\" content=\"2 minuty\" \/>\n<script type=\"application\/ld+json\" class=\"yoast-schema-graph\">{\"@context\":\"https:\/\/schema.org\",\"@graph\":[{\"@type\":\"WebSite\",\"@id\":\"https:\/\/jacekswigulski.pl\/en\/#website\",\"url\":\"https:\/\/jacekswigulski.pl\/en\/\",\"name\":\"Jacek \\u015awigulski\",\"description\":\"malarstwo \/ rysunek\",\"potentialAction\":[{\"@type\":\"SearchAction\",\"target\":{\"@type\":\"EntryPoint\",\"urlTemplate\":\"https:\/\/jacekswigulski.pl\/en\/?s={search_term_string}\"},\"query-input\":\"required name=search_term_string\"}],\"inLanguage\":\"pl-PL\"},{\"@type\":\"ImageObject\",\"@id\":\"https:\/\/jacekswigulski.pl\/en\/#primaryimage\",\"inLanguage\":\"pl-PL\",\"url\":\"https:\/\/jacekswigulski.pl\/wp-content\/uploads\/2024\/03\/bio_24_noframe.png\",\"contentUrl\":\"https:\/\/jacekswigulski.pl\/wp-content\/uploads\/2024\/03\/bio_24_noframe.png\",\"width\":357,\"height\":449,\"caption\":\"bio_24\"},{\"@type\":\"WebPage\",\"@id\":\"https:\/\/jacekswigulski.pl\/en\/#webpage\",\"url\":\"https:\/\/jacekswigulski.pl\/en\/\",\"name\":\"malarstwo | rysunek - Jacek \\u015awigulski\",\"isPartOf\":{\"@id\":\"https:\/\/jacekswigulski.pl\/en\/#website\"},\"primaryImageOfPage\":{\"@id\":\"https:\/\/jacekswigulski.pl\/en\/#primaryimage\"},\"datePublished\":\"2015-08-26T11:22:40+00:00\",\"dateModified\":\"2024-03-05T11:24:49+00:00\",\"breadcrumb\":{\"@id\":\"https:\/\/jacekswigulski.pl\/en\/#breadcrumb\"},\"inLanguage\":\"pl-PL\",\"potentialAction\":[{\"@type\":\"ReadAction\",\"target\":[\"https:\/\/jacekswigulski.pl\/en\/\"]}]},{\"@type\":\"BreadcrumbList\",\"@id\":\"https:\/\/jacekswigulski.pl\/en\/#breadcrumb\",\"itemListElement\":[{\"@type\":\"ListItem\",\"position\":1,\"name\":\"Home\",\"item\":\"https:\/\/jacekswigulski.pl\/en\/\"},{\"@type\":\"ListItem\",\"position\":2,\"name\":\"malarstwo | rysunek\"}]}]}<\/script>\n<!-- \/ Yoast SEO plugin. -->","yoast_head_json":{"robots":{"index":"index","follow":"follow","max-snippet":"max-snippet:-1","max-image-preview":"max-image-preview:large","max-video-preview":"max-video-preview:-1"},"canonical":"https:\/\/jacekswigulski.pl\/en\/","og_locale":"pl_PL","og_type":"article","og_title":"malarstwo | rysunek - Jacek \u015awigulski","og_description":"Urodzony w 1977 roku w \u0141odzi. Studiowa\u0142 na Wydziale Edukacji Wizualnej Akademii Sztuk Pi\u0119knych im. W\u0142adys\u0142awa Strzemi\u0144skiego w \u0141odzi. W 2006 roku obroni\u0142 z wyr\u00f3\u017cnieniem dyplom z malarstwa i rysunku. W trakcie studi\u00f3w otrzyma\u0142 stypendium rz\u0105du du\u0144skiego. W latach 1997-2001 studiowa\u0142 tak\u017ce filozofi\u0119 i kulturoznawstwo na Uniwersytecie \u0141\u00f3dzkim. &nbsp; Dwukrotnie zosta\u0142 wymieniony w Kompasie M\u0142odej [&hellip;]","og_url":"https:\/\/jacekswigulski.pl\/en\/","og_site_name":"Jacek \u015awigulski","article_modified_time":"2024-03-05T11:24:49+00:00","og_image":[{"width":357,"height":449,"url":"http:\/\/jacekswigulski.pl\/wp-content\/uploads\/2024\/03\/bio_24_noframe.png","path":"\/home\/pabloble\/domains\/jacekswigulski.pl\/public_html\/wp-content\/uploads\/2024\/03\/bio_24_noframe.png","size":"full","id":6491,"alt":"bio_24","pixels":160293,"type":"image\/png"}],"twitter_card":"summary","twitter_misc":{"Szacowany czas czytania":"2 minuty"},"schema":{"@context":"https:\/\/schema.org","@graph":[{"@type":"WebSite","@id":"https:\/\/jacekswigulski.pl\/en\/#website","url":"https:\/\/jacekswigulski.pl\/en\/","name":"Jacek \u015awigulski","description":"malarstwo \/ rysunek","potentialAction":[{"@type":"SearchAction","target":{"@type":"EntryPoint","urlTemplate":"https:\/\/jacekswigulski.pl\/en\/?s={search_term_string}"},"query-input":"required name=search_term_string"}],"inLanguage":"pl-PL"},{"@type":"ImageObject","@id":"https:\/\/jacekswigulski.pl\/en\/#primaryimage","inLanguage":"pl-PL","url":"https:\/\/jacekswigulski.pl\/wp-content\/uploads\/2024\/03\/bio_24_noframe.png","contentUrl":"https:\/\/jacekswigulski.pl\/wp-content\/uploads\/2024\/03\/bio_24_noframe.png","width":357,"height":449,"caption":"bio_24"},{"@type":"WebPage","@id":"https:\/\/jacekswigulski.pl\/en\/#webpage","url":"https:\/\/jacekswigulski.pl\/en\/","name":"malarstwo | rysunek - Jacek \u015awigulski","isPartOf":{"@id":"https:\/\/jacekswigulski.pl\/en\/#website"},"primaryImageOfPage":{"@id":"https:\/\/jacekswigulski.pl\/en\/#primaryimage"},"datePublished":"2015-08-26T11:22:40+00:00","dateModified":"2024-03-05T11:24:49+00:00","breadcrumb":{"@id":"https:\/\/jacekswigulski.pl\/en\/#breadcrumb"},"inLanguage":"pl-PL","potentialAction":[{"@type":"ReadAction","target":["https:\/\/jacekswigulski.pl\/en\/"]}]},{"@type":"BreadcrumbList","@id":"https:\/\/jacekswigulski.pl\/en\/#breadcrumb","itemListElement":[{"@type":"ListItem","position":1,"name":"Home","item":"https:\/\/jacekswigulski.pl\/en\/"},{"@type":"ListItem","position":2,"name":"malarstwo | rysunek"}]}]}},"_links":{"self":[{"href":"https:\/\/jacekswigulski.pl\/pl\/wp-json\/wp\/v2\/pages\/2"}],"collection":[{"href":"https:\/\/jacekswigulski.pl\/pl\/wp-json\/wp\/v2\/pages"}],"about":[{"href":"https:\/\/jacekswigulski.pl\/pl\/wp-json\/wp\/v2\/types\/page"}],"author":[{"embeddable":true,"href":"https:\/\/jacekswigulski.pl\/pl\/wp-json\/wp\/v2\/users\/1"}],"replies":[{"embeddable":true,"href":"https:\/\/jacekswigulski.pl\/pl\/wp-json\/wp\/v2\/comments?post=2"}],"version-history":[{"count":95,"href":"https:\/\/jacekswigulski.pl\/pl\/wp-json\/wp\/v2\/pages\/2\/revisions"}],"predecessor-version":[{"id":6497,"href":"https:\/\/jacekswigulski.pl\/pl\/wp-json\/wp\/v2\/pages\/2\/revisions\/6497"}],"wp:featuredmedia":[{"embeddable":true,"href":"https:\/\/jacekswigulski.pl\/pl\/wp-json\/wp\/v2\/media\/6491"}],"wp:attachment":[{"href":"https:\/\/jacekswigulski.pl\/pl\/wp-json\/wp\/v2\/media?parent=2"}],"curies":[{"name":"wp","href":"https:\/\/api.w.org\/{rel}","templated":true}]}}